{"id":4358,"date":"2017-07-13T08:42:51","date_gmt":"2017-07-13T12:42:51","guid":{"rendered":"https:\/\/www.mcacademy.ca\/contact-us\/"},"modified":"2023-05-08T14:01:17","modified_gmt":"2023-05-08T18:01:17","slug":"contactez-nous","status":"publish","type":"page","link":"https:\/\/www.mcacademy.ca\/fr\/contactez-nous\/","title":{"rendered":"NOUS JOINDRE"},"content":{"rendered":"<div class=\"wpb-content-wrapper\"><p>[vc_row row_content_width=\u00a0\u00bbgrid\u00a0\u00bb css=\u00a0\u00bb.vc_custom_1681932915809{padding-top: 75px !important;padding-bottom: 75px !important;}\u00a0\u00bb][vc_column][vc_row_inner][vc_column_inner width=\u00a0\u00bb1\/2&Prime;]<div class=\"edgt-section-title-holder  edgt-st-standard edgt-st-title-left edgt-st-normal-space \" style=\"text-align: left\">\n\t<div class=\"edgt-st-inner\">\n\t\t\t\t\t<h3 class=\"edgt-st-title\" style=\"color: #891b2d\">\n\t\t\t\tPour nous rejoindre :\t\t\t<\/h3>\n\t\t\t\t\t<\/div>\n<\/div>[vc_empty_space height=\u00a0\u00bb22px\u00a0\u00bb][vc_column_text css=\u00a0\u00bb.vc_custom_1502107407498{margin-top: -3px !important;}\u00a0\u00bb][\/vc_column_text]<div class=\"edgt-icon-list-holder \" >\n\t<div class=\"edgt-il-icon-holder\">\n\t\t<i class=\"edgt-icon-font-awesome fa fa-phone \" style=\"color: #212121;font-size: 17px\"><\/i>\t<\/div>\n\t<p class=\"edgt-il-text\" style=\"color: #999999;font-size: 14px;padding-left: 23px\">(613) 744-8898<\/p>\n<\/div>[vc_column_text css=\u00a0\u00bb.vc_custom_1502107407498{margin-top: -3px !important;}\u00a0\u00bb][\/vc_column_text]<div class=\"edgt-icon-list-holder \" >\n\t<div class=\"edgt-il-icon-holder\">\n\t\t<span aria-hidden=\"true\" class=\"edgt-icon-font-elegant icon_mail_alt \" style=\"color: #212121;font-size: 17px\"><\/span>\t<\/div>\n\t<p class=\"edgt-il-text\" style=\"color: #999999;font-size: 14px;padding-left: 24px\">info@mcacademy.ca<\/p>\n<\/div>[vc_column_text css=\u00a0\u00bb.vc_custom_1502107407498{margin-top: -3px !important;}\u00a0\u00bb][\/vc_column_text]<div class=\"edgt-icon-list-holder \" >\n\t<div class=\"edgt-il-icon-holder\">\n\t\t<i class=\"edgt-icon-font-awesome fa fa-map-marker \" style=\"color: #212121;font-size: 17px\"><\/i>\t<\/div>\n\t<p class=\"edgt-il-text\" style=\"color: #999999;font-size: 14px;padding-left: 23px\">Macdonald-Cartier Academy, 270 Crichton St.<\/p>\n<\/div>[vc_empty_space height=\u00a0\u00bb13px\u00a0\u00bb][vc_raw_html]JTNDaWZyYW1lJTIwc3JjJTNEJTIyaHR0cHMlM0ElMkYlMkZ3d3cuZ29vZ2xlLmNvbSUyRm1hcHMlMkZlbWJlZCUzRnBiJTNEJTIxMW0xNCUyMTFtOCUyMTFtMyUyMTFkMTExOTcuOTcwMzQ5NDc1MzYxJTIxMmQtNzUuNjgyMDI4JTIxM2Q0NS40Mzk3MjklMjEzbTIlMjExaTEwMjQlMjEyaTc2OCUyMTRmMTMuMSUyMTNtMyUyMTFtMiUyMTFzMHg0Y2NlMDUxZjUxNGE3NTEzJTI1M0EweGNiOTNiOGE1ZDA0OTJmNDglMjEyc01hY2RvbmFsZC1DYXJ0aWVyJTI1MjBBY2FkZW15JTI1MjAlMjg3LTglMjklMjE1ZTAlMjEzbTIlMjExc2VuJTIxMnNjYSUyMTR2MTY4MTkzMjg3NDQ0OCUyMTVtMiUyMTFzZW4lMjEyc2NhJTIyJTIwd2lkdGglM0QlMjI2MDAlMjIlMjBoZWlnaHQlM0QlMjI0NTAlMjIlMjBzdHlsZSUzRCUyMmJvcmRlciUzQTAlM0IlMjIlMjBhbGxvd2Z1bGxzY3JlZW4lM0QlMjIlMjIlMjBsb2FkaW5nJTNEJTIybGF6eSUyMiUyMHJlZmVycmVycG9saWN5JTNEJTIybm8tcmVmZXJyZXItd2hlbi1kb3duZ3JhZGUlMjIlM0UlM0MlMkZpZnJhbWUlM0U=[\/vc_raw_html][\/vc_column_inner][vc_column_inner width=\u00a0\u00bb1\/2&Prime;]\n<div class=\"wpcf7 no-js\" id=\"wpcf7-f4380-o1\" lang=\"fr-FR\" dir=\"ltr\" data-wpcf7-id=\"4380\">\n<div class=\"screen-reader-response\"><p role=\"status\" aria-live=\"polite\" aria-atomic=\"true\"><\/p> <ul><\/ul><\/div>\n<form action=\"\/fr\/wp-json\/wp\/v2\/pages\/4358#wpcf7-f4380-o1\" method=\"post\" class=\"wpcf7-form init\" aria-label=\"Formulaire de contact\" novalidate=\"novalidate\" data-status=\"init\">\n<fieldset class=\"hidden-fields-container\"><input type=\"hidden\" name=\"_wpcf7\" value=\"4380\" \/><input type=\"hidden\" name=\"_wpcf7_version\" value=\"6.1.5\" \/><input type=\"hidden\" name=\"_wpcf7_locale\" value=\"fr_FR\" \/><input type=\"hidden\" name=\"_wpcf7_unit_tag\" value=\"wpcf7-f4380-o1\" \/><input type=\"hidden\" name=\"_wpcf7_container_post\" value=\"0\" \/><input type=\"hidden\" name=\"_wpcf7_posted_data_hash\" value=\"\" \/>\n<\/fieldset>\n<div class=\"edgt-cf7-contact-wrapper edgt-button-small\">\n\t<div class=\"edgt-cf7-title\">\n\t\t<p>N'h\u00e9sitez pas \u00e0 nous \u00e9crire\n\t\t<\/p>\n\t<\/div>\n\t<div class=\"edgt-cf7-inputs clearfix\">\n\t\t<div class=\"edgt-grid-col-6\">\n\t\t\t<p><label>Nom<span style=\"color: #888;\">*<\/span><\/label><span class=\"wpcf7-form-control-wrap\" data-name=\"your-name\"><input size=\"40\" maxlength=\"400\" class=\"wpcf7-form-control wpcf7-text wpcf7-validates-as-required\" aria-required=\"true\" aria-invalid=\"false\" value=\"\" type=\"text\" name=\"your-name\" \/><\/span>\n\t\t\t<\/p>\n\t\t<\/div>\n\t\t<div class=\"edgt-grid-col-6\">\n\t\t\t<p><label>Courriel<span style=\"color: #888;\">*<\/span><\/label><span class=\"wpcf7-form-control-wrap\" data-name=\"your-email\"><input size=\"40\" maxlength=\"400\" class=\"wpcf7-form-control wpcf7-text wpcf7-validates-as-required\" aria-required=\"true\" aria-invalid=\"false\" value=\"\" type=\"text\" name=\"your-email\" \/><\/span>\n\t\t\t<\/p>\n\t\t<\/div>\n\t\t<div class=\"edgt-grid-col-12\">\n\t\t\t<p><label>T\u00e9l\u00e9phone*<\/label><span class=\"wpcf7-form-control-wrap\" data-name=\"your-website\"><input size=\"40\" maxlength=\"400\" class=\"wpcf7-form-control wpcf7-text wpcf7-validates-as-required\" aria-required=\"true\" aria-invalid=\"false\" value=\"\" type=\"text\" name=\"your-website\" \/><\/span>\n\t\t\t<\/p>\n\t\t<\/div>\n\t\t<div class=\"edgt-grid-col-12\">\n\t\t\t<p><label>Message<span style=\"color: #888;\">*<\/span><\/label><span class=\"wpcf7-form-control-wrap\" data-name=\"your-message\"><textarea cols=\"40\" rows=\"4\" maxlength=\"2000\" class=\"wpcf7-form-control wpcf7-textarea wpcf7-validates-as-required\" aria-required=\"true\" aria-invalid=\"false\" name=\"your-message\"><\/textarea><\/span><br \/>\n<input class=\"wpcf7-form-control wpcf7-submit has-spinner\" type=\"submit\" value=\"Envoyer\" \/>\n\t\t\t<\/p>\n\t\t<\/div>\n\t<\/div>\n<\/div><div class=\"wpcf7-response-output\" aria-hidden=\"true\"><\/div>\n<\/form>\n<\/div>\n[vc_empty_space height=\u00a0\u00bb60px\u00a0\u00bb][\/vc_column_inner][\/vc_row_inner][\/vc_column][\/vc_row]<\/p>\n<\/div>","protected":false},"excerpt":{"rendered":"<p>[vc_row row_content_width=\u00a0\u00bbgrid\u00a0\u00bb css=\u00a0\u00bb.vc_custom_1681932915809{padding-top: 75px !important;padding-bottom: 75px !important;}\u00a0\u00bb][vc_column][vc_row_inner][vc_column_inner width=\u00a0\u00bb1\/2&Prime;][vc_empty_space height=\u00a0\u00bb22px\u00a0\u00bb][vc_column_text css=\u00a0\u00bb.vc_custom_1502107407498{margin-top: -3px !important;}\u00a0\u00bb][\/vc_column_text][vc_column_text css=\u00a0\u00bb.vc_custom_1502107407498{margin-top: -3px !important;}\u00a0\u00bb][\/vc_column_text][vc_column_text css=\u00a0\u00bb.vc_custom_1502107407498{margin-top: -3px !important;}\u00a0\u00bb][\/vc_column_text][vc_empty_space height=\u00a0\u00bb13px\u00a0\u00bb][vc_raw_html]JTNDaWZyYW1lJTIwc3JjJTNEJTIyaHR0cHMlM0ElMkYlMkZ3d3cuZ29vZ2xlLmNvbSUyRm1hcHMlMkZlbWJlZCUzRnBiJTNEJTIxMW0xNCUyMTFtOCUyMTFtMyUyMTFkMTExOTcuOTcwMzQ5NDc1MzYxJTIxMmQtNzUuNjgyMDI4JTIxM2Q0NS40Mzk3MjklMjEzbTIlMjExaTEwMjQlMjEyaTc2OCUyMTRmMTMuMSUyMTNtMyUyMTFtMiUyMTFzMHg0Y2NlMDUxZjUxNGE3NTEzJTI1M0EweGNiOTNiOGE1ZDA0OTJmNDglMjEyc01hY2RvbmFsZC1DYXJ0aWVyJTI1MjBBY2FkZW15JTI1MjAlMjg3LTglMjklMjE1ZTAlMjEzbTIlMjExc2VuJTIxMnNjYSUyMTR2MTY4MTkzMjg3NDQ0OCUyMTVtMiUyMTFzZW4lMjEyc2NhJTIyJTIwd2lkdGglM0QlMjI2MDAlMjIlMjBoZWlnaHQlM0QlMjI0NTAlMjIlMjBzdHlsZSUzRCUyMmJvcmRlciUzQTAlM0IlMjIlMjBhbGxvd2Z1bGxzY3JlZW4lM0QlMjIlMjIlMjBsb2FkaW5nJTNEJTIybGF6eSUyMiUyMHJlZmVycmVycG9saWN5JTNEJTIybm8tcmVmZXJyZXItd2hlbi1kb3duZ3JhZGUlMjIlM0UlM0MlMkZpZnJhbWUlM0U=[\/vc_raw_html][\/vc_column_inner][vc_column_inner width=\u00a0\u00bb1\/2&Prime;][vc_empty_space height=\u00a0\u00bb60px\u00a0\u00bb][\/vc_column_inner][\/vc_row_inner][\/vc_column][\/vc_row]<\/p>\n","protected":false},"author":1,"featured_media":0,"parent":0,"menu_order":0,"comment_status":"closed","ping_status":"closed","template":"full-width.php","meta":{"_EventAllDay":false,"_EventTimezone":"","_EventStartDate":"","_EventEndDate":"","_EventStartDateUTC":"","_EventEndDateUTC":"","_EventShowMap":false,"_EventShowMapLink":false,"_EventURL":"","_EventCost":"","_EventCostDescription":"","_EventCurrencySymbol":"","_EventCurrencyCode":"","_EventCurrencyPosition":"","_EventDateTimeSeparator":"","_EventTimeRangeSeparator":"","_EventOrganizerID":[],"_EventVenueID":[],"_OrganizerEmail":"","_OrganizerPhone":"","_OrganizerWebsite":"","_VenueAddress":"","_VenueCity":"","_VenueCountry":"","_VenueProvince":"","_VenueState":"","_VenueZip":"","_VenuePhone":"","_VenueURL":"","_VenueStateProvince":"","_VenueLat":"","_VenueLng":"","_VenueShowMap":false,"_VenueShowMapLink":false,"footnotes":""},"class_list":["post-4358","page","type-page","status-publish","hentry"],"_links":{"self":[{"href":"https:\/\/www.mcacademy.ca\/fr\/wp-json\/wp\/v2\/pages\/4358","targetHints":{"allow":["GET"]}}],"collection":[{"href":"https:\/\/www.mcacademy.ca\/fr\/wp-json\/wp\/v2\/pages"}],"about":[{"href":"https:\/\/www.mcacademy.ca\/fr\/wp-json\/wp\/v2\/types\/page"}],"author":[{"embeddable":true,"href":"https:\/\/www.mcacademy.ca\/fr\/wp-json\/wp\/v2\/users\/1"}],"replies":[{"embeddable":true,"href":"https:\/\/www.mcacademy.ca\/fr\/wp-json\/wp\/v2\/comments?post=4358"}],"version-history":[{"count":5,"href":"https:\/\/www.mcacademy.ca\/fr\/wp-json\/wp\/v2\/pages\/4358\/revisions"}],"predecessor-version":[{"id":4385,"href":"https:\/\/www.mcacademy.ca\/fr\/wp-json\/wp\/v2\/pages\/4358\/revisions\/4385"}],"wp:attachment":[{"href":"https:\/\/www.mcacademy.ca\/fr\/wp-json\/wp\/v2\/media?parent=4358"}],"curies":[{"name":"wp","href":"https:\/\/api.w.org\/{rel}","templated":true}]}}