{"id":4300,"date":"2023-04-19T15:14:53","date_gmt":"2023-04-19T19:14:53","guid":{"rendered":"https:\/\/www.mcacademy.ca\/frais-de-scolarite-2023-2024\/"},"modified":"2025-10-23T10:55:41","modified_gmt":"2025-10-23T14:55:41","slug":"frais-de-scolarite-2025-2026","status":"publish","type":"page","link":"https:\/\/www.mcacademy.ca\/fr\/frais-de-scolarite-2025-2026\/","title":{"rendered":"FRAIS DE SCOLARIT\u00c9 2026-27"},"content":{"rendered":"<div class=\"wpb-content-wrapper\"><p>[vc_row row_content_width=\u00a0\u00bbgrid\u00a0\u00bb css=\u00a0\u00bb.vc_custom_1681916876464{padding-top: 75px !important;padding-bottom: 75px !important;}\u00a0\u00bb simple_background_color=\u00a0\u00bb#f7f7f7&Prime;][vc_column]<div class=\"edgt-section-title-holder  edgt-st-standard edgt-st-title-left edgt-st-normal-space \" style=\"text-align: left\">\n\t<div class=\"edgt-st-inner\">\n\t\t\t\t\t<h3 class=\"edgt-st-title\" style=\"color: #891b2d\">\n\t\t\t\tFrais de scolarit\u00e9 2026-2027\t\t\t<\/h3>\n\t\t\t\t\t<\/div>\n<\/div>[vc_empty_space height=\u00a0\u00bb20px\u00a0\u00bb]<div class=\"edgt-accordion-holder edgt-ac-default  edgt-toggle edgt-ac-boxed  clearfix\">\n\t<h6 class=\"edgt-accordion-title\">\n    <span class=\"edgt-accordion-mark\">\n\t\t<span class=\"edgt_icon_plus arrow_carrot-right\"><\/span>\n\t\t<span class=\"edgt_icon_minus arrow_carrot-down\"><\/span>\n\t<\/span>\n\t<span class=\"edgt-tab-title\">1. Les frais d&#039;\u00e9ducation g\u00e9n\u00e9rale<\/span>\n<\/h6>\n<div class=\"edgt-accordion-content\">\n\t<div class=\"edgt-accordion-content-inner\">\n\t\t[vc_column_text css=\u00a0\u00bb\u00a0\u00bb]22 200,00 $<\/p>\n<p>Les frais d\u2019\u00e9ducation g\u00e9n\u00e9rale sont inclusifs et couvrent les suivants : les frais d\u2019\u00e9ducation, les frais d\u2019activit\u00e9s parascolaires et les frais d\u2019\u00e9ducation exp\u00e9rientielle.<\/p>\n<p>Les frais d\u2019\u00e9ducation g\u00e9n\u00e9rale se doivent d\u2019\u00eatre pay\u00e9s en respectant un des horaires ci-dessous.[\/vc_column_text]\t<\/div>\n<\/div><h6 class=\"edgt-accordion-title\">\n    <span class=\"edgt-accordion-mark\">\n\t\t<span class=\"edgt_icon_plus arrow_carrot-right\"><\/span>\n\t\t<span class=\"edgt_icon_minus arrow_carrot-down\"><\/span>\n\t<\/span>\n\t<span class=\"edgt-tab-title\">2. Frais d&#039;affiliation de la famille<\/span>\n<\/h6>\n<div class=\"edgt-accordion-content\">\n\t<div class=\"edgt-accordion-content-inner\">\n\t\t[vc_column_text css=\u00a0\u00bb\u00a0\u00bb]500,00 $<\/p>\n<p>Les Frais d\u2019affiliation de la famille ne sont pay\u00e9s qu\u2019une seule fois pour les enfants existants et futurs des membres de l\u2019Association de l\u2019Acad\u00e9mie Macdonald-Cartier. Les frais sont pay\u00e9s au moment* de l\u2019enregistrement du premier enfant qui se joint \u00e0 l\u2019acad\u00e9mie<\/p>\n<p><strong>HORAIRE A\u00a0<\/strong><\/p>\n<table>\n<tbody>\n<tr>\n<td>\u00c0 l&rsquo;enregistrement<\/td>\n<td>10%<\/td>\n<td>\u00a0 \u00a02 220,00 \u00a0$ + Frais d&rsquo;affiliation de famille, si applicable<\/td>\n<\/tr>\n<tr>\n<td>Avril 1<\/td>\n<td>10%<\/td>\n<td>\u00a0 \u00a02 220,00 \u00a0$<\/td>\n<\/tr>\n<tr>\n<td>Juin 1<\/td>\n<td>10%<\/td>\n<td>\u00a0 \u00a02 220,00 \u00a0$<\/td>\n<\/tr>\n<tr>\n<td>Ao\u00fbt 1<\/td>\n<td>10%<\/td>\n<td>\u00a0 \u00a02 220,00 \u00a0$<\/td>\n<\/tr>\n<tr>\n<td>Septembre 1<\/td>\n<td>60%<\/td>\n<td>\u00a013 320,00 \u00a0$<\/td>\n<\/tr>\n<tr>\n<td><\/td>\n<td><\/td>\n<td>\u00a022 200,00 $<\/td>\n<\/tr>\n<\/tbody>\n<\/table>\n<p><strong>* HORAIRE B\u00a0<\/strong><\/p>\n<table>\n<tbody>\n<tr>\n<td>\u00c0 l&rsquo;enregistrement<\/td>\n<td>10%<\/td>\n<td>\u00a0 \u00a02 230,00\u00a0 $ + Frais d&rsquo;affiliation de famille, si applicable.<\/td>\n<\/tr>\n<tr>\n<td>Avril 1<\/td>\n<td>10%<\/td>\n<td>\u00a0 \u00a02 230,00 \u00a0$<\/td>\n<\/tr>\n<tr>\n<td>Juin 1<\/td>\n<td>10%<\/td>\n<td>\u00a0 \u00a02 230,00 \u00a0$<\/td>\n<\/tr>\n<tr>\n<td>Ao\u00fbt 1<\/td>\n<td>10%<\/td>\n<td>\u00a0 \u00a02 230,00 \u00a0$<\/td>\n<\/tr>\n<tr>\n<td>Septembre 1<\/td>\n<td>30%<\/td>\n<td>\u00a0 \u00a06 690,00 \u00a0$<\/td>\n<\/tr>\n<tr>\n<td>Janvier 1<\/td>\n<td>30%<\/td>\n<td>\u00a0 \u00a06 690,00 \u00a0$<\/td>\n<\/tr>\n<tr>\n<td><\/td>\n<td><\/td>\n<td>\u00a022 300,00 \u00a0$<\/td>\n<\/tr>\n<\/tbody>\n<\/table>\n<p><strong>* HORAIRE C\u00a0<\/strong><\/p>\n<table>\n<tbody>\n<tr>\n<td>\u00c0 l&rsquo;enregistrement<\/td>\n<td>10%<\/td>\n<td>\u00a0 \u00a02 240,00 \u00a0$ + Frais d&rsquo;affiliation de famille, si applicable.<\/td>\n<\/tr>\n<tr>\n<td>Avril 1<\/td>\n<td>10%<\/td>\n<td>\u00a0 \u00a02 240,00 \u00a0$<\/td>\n<\/tr>\n<tr>\n<td>Juin 1<\/td>\n<td>10%<\/td>\n<td>\u00a0 \u00a02 240,00 \u00a0$<\/td>\n<\/tr>\n<tr>\n<td>Ao\u00fbt 1<\/td>\n<td>10%<\/td>\n<td>\u00a0 \u00a02 240,00 \u00a0$<\/td>\n<\/tr>\n<tr>\n<td>Septembre 1<\/td>\n<td>15%<\/td>\n<td>\u00a0 \u00a03 360,00 \u00a0$<\/td>\n<\/tr>\n<tr>\n<td>Novembre 1<\/td>\n<td>15%<\/td>\n<td>\u00a0 \u00a03 360,00 \u00a0$<\/td>\n<\/tr>\n<tr>\n<td>Janvier 1<\/td>\n<td>15%<\/td>\n<td>\u00a0 \u00a03 360,00 \u00a0$<\/td>\n<\/tr>\n<tr>\n<td>Mars 1<\/td>\n<td>15%<\/td>\n<td>\u00a0 \u00a03 360,00 \u00a0$<\/td>\n<\/tr>\n<tr>\n<td><\/td>\n<td><\/td>\n<td>\u00a022 400,00 \u00a0$<\/td>\n<\/tr>\n<\/tbody>\n<\/table>\n<p>* Une charge suppl\u00e9mentaire est pr\u00e9lev\u00e9e pour les programmes de paiement prolong\u00e9s.[\/vc_column_text]\t<\/div>\n<\/div><h6 class=\"edgt-accordion-title\">\n    <span class=\"edgt-accordion-mark\">\n\t\t<span class=\"edgt_icon_plus arrow_carrot-right\"><\/span>\n\t\t<span class=\"edgt_icon_minus arrow_carrot-down\"><\/span>\n\t<\/span>\n\t<span class=\"edgt-tab-title\">3. Livres et mat\u00e9riaux<\/span>\n<\/h6>\n<div class=\"edgt-accordion-content\">\n\t<div class=\"edgt-accordion-content-inner\">\n\t\t[vc_column_text css=\u00a0\u00bb\u00a0\u00bb]Les manuels scolaires et les romans sont fournis par l&rsquo;\u00e9cole. Les frais de livres et mat\u00e9riaux couvrent les cahiers d&rsquo;exercices, l&rsquo;agenda, les cadenas et tous les autres mat\u00e9riaux que les \u00e9l\u00e8ves utilisent et gardent jusqu&rsquo;\u00e0 la fin de l&rsquo;ann\u00e9e scolaire<\/p>\n<p>Premi\u00e8re ann\u00e9e 395,00 $<br \/>\nDeuxi\u00e8me ann\u00e9e 295,00 $[\/vc_column_text]\t<\/div>\n<\/div><\/div>[\/vc_column][\/vc_row]<\/p>\n<\/div>","protected":false},"excerpt":{"rendered":"<p>[vc_row row_content_width=\u00a0\u00bbgrid\u00a0\u00bb css=\u00a0\u00bb.vc_custom_1681916876464{padding-top: 75px !important;padding-bottom: 75px !important;}\u00a0\u00bb simple_background_color=\u00a0\u00bb#f7f7f7&Prime;][vc_column][vc_empty_space height=\u00a0\u00bb20px\u00a0\u00bb][\/vc_column][\/vc_row]<\/p>\n","protected":false},"author":1,"featured_media":0,"parent":0,"menu_order":0,"comment_status":"closed","ping_status":"closed","template":"full-width.php","meta":{"_EventAllDay":false,"_EventTimezone":"","_EventStartDate":"","_EventEndDate":"","_EventStartDateUTC":"","_EventEndDateUTC":"","_EventShowMap":false,"_EventShowMapLink":false,"_EventURL":"","_EventCost":"","_EventCostDescription":"","_EventCurrencySymbol":"","_EventCurrencyCode":"","_EventCurrencyPosition":"","_EventDateTimeSeparator":"","_EventTimeRangeSeparator":"","_EventOrganizerID":[],"_EventVenueID":[],"_OrganizerEmail":"","_OrganizerPhone":"","_OrganizerWebsite":"","_VenueAddress":"","_VenueCity":"","_VenueCountry":"","_VenueProvince":"","_VenueState":"","_VenueZip":"","_VenuePhone":"","_VenueURL":"","_VenueStateProvince":"","_VenueLat":"","_VenueLng":"","_VenueShowMap":false,"_VenueShowMapLink":false,"footnotes":""},"class_list":["post-4300","page","type-page","status-publish","hentry"],"_links":{"self":[{"href":"https:\/\/www.mcacademy.ca\/fr\/wp-json\/wp\/v2\/pages\/4300","targetHints":{"allow":["GET"]}}],"collection":[{"href":"https:\/\/www.mcacademy.ca\/fr\/wp-json\/wp\/v2\/pages"}],"about":[{"href":"https:\/\/www.mcacademy.ca\/fr\/wp-json\/wp\/v2\/types\/page"}],"author":[{"embeddable":true,"href":"https:\/\/www.mcacademy.ca\/fr\/wp-json\/wp\/v2\/users\/1"}],"replies":[{"embeddable":true,"href":"https:\/\/www.mcacademy.ca\/fr\/wp-json\/wp\/v2\/comments?post=4300"}],"version-history":[{"count":10,"href":"https:\/\/www.mcacademy.ca\/fr\/wp-json\/wp\/v2\/pages\/4300\/revisions"}],"predecessor-version":[{"id":5429,"href":"https:\/\/www.mcacademy.ca\/fr\/wp-json\/wp\/v2\/pages\/4300\/revisions\/5429"}],"wp:attachment":[{"href":"https:\/\/www.mcacademy.ca\/fr\/wp-json\/wp\/v2\/media?parent=4300"}],"curies":[{"name":"wp","href":"https:\/\/api.w.org\/{rel}","templated":true}]}}