{"id":4294,"date":"2023-04-19T13:18:11","date_gmt":"2023-04-19T17:18:11","guid":{"rendered":"https:\/\/www.mcacademy.ca\/program-and-activities\/"},"modified":"2025-05-01T13:39:06","modified_gmt":"2025-05-01T17:39:06","slug":"programme-et-activites","status":"publish","type":"page","link":"https:\/\/www.mcacademy.ca\/fr\/programme-et-activites\/","title":{"rendered":"PROGRAMME ET ACTIVIT\u00c9S"},"content":{"rendered":"<div class=\"wpb-content-wrapper\"><p>[vc_row row_content_width=\u00a0\u00bbgrid\u00a0\u00bb css=\u00a0\u00bb.vc_custom_1681916876464{padding-top: 75px !important;padding-bottom: 75px !important;}\u00a0\u00bb simple_background_color=\u00a0\u00bb#f7f7f7&Prime;][vc_column width=\u00a0\u00bb1\/2&Prime;]<div class=\"edgt-section-title-holder  edgt-st-standard edgt-st-title-left edgt-st-normal-space \" style=\"text-align: left\">\n\t<div class=\"edgt-st-inner\">\n\t\t\t\t\t<h3 class=\"edgt-st-title\" style=\"color: #891b2d\">\n\t\t\t\tProgramme\t\t\t<\/h3>\n\t\t\t\t\t<\/div>\n<\/div>[vc_empty_space height=\u00a0\u00bb20px\u00a0\u00bb]<div class=\"edgt-accordion-holder edgt-ac-default  edgt-toggle edgt-ac-boxed  clearfix\">\n\t<h6 class=\"edgt-accordion-title\">\n    <span class=\"edgt-accordion-mark\">\n\t\t<span class=\"edgt_icon_plus arrow_carrot-right\"><\/span>\n\t\t<span class=\"edgt_icon_minus arrow_carrot-down\"><\/span>\n\t<\/span>\n\t<span class=\"edgt-tab-title\">7e<\/span>\n<\/h6>\n<div class=\"edgt-accordion-content\">\n\t<div class=\"edgt-accordion-content-inner\">\n\t\t[vc_column_text]<\/p>\n<ul>\n<li>Arts de la langue anglaise et comp\u00e9tences d&rsquo;\u00e9tude<\/li>\n<li>Art dramatique*<\/li>\n<li>Math\u00e9matiques*<\/li>\n<li>Les sciences*<\/li>\n<li>Sciences sociales*<\/li>\n<li>Informatique*<\/li>\n<li>Anthropologie de l&rsquo;\u00e9ducation I<\/li>\n<li>Pr\u00e9paration \u00e0 la vie canadienne<\/li>\n<li>Apprentissage ind\u00e9pendant \/ P\u00e9riode d&rsquo;\u00e9tudes<\/li>\n<li>Sant\u00e9 &amp; activit\u00e9 physique*<\/li>\n<li>Art visuel*<\/li>\n<\/ul>\n<p><strong>\u00c9DUCATION EXP\u00c9RIENTIELLE<\/strong><\/p>\n<ul>\n<li>Canot-camping<\/li>\n<li>Cyclo-tourisme<\/li>\n<li>Sandbank<\/li>\n<\/ul>\n<p>[\/vc_column_text]\t<\/div>\n<\/div><h6 class=\"edgt-accordion-title\">\n    <span class=\"edgt-accordion-mark\">\n\t\t<span class=\"edgt_icon_plus arrow_carrot-right\"><\/span>\n\t\t<span class=\"edgt_icon_minus arrow_carrot-down\"><\/span>\n\t<\/span>\n\t<span class=\"edgt-tab-title\">8e<\/span>\n<\/h6>\n<div class=\"edgt-accordion-content\">\n\t<div class=\"edgt-accordion-content-inner\">\n\t\t[vc_column_text]<\/p>\n<ul>\n<li>Arts de la langue anglaise et comp\u00e9tences d&rsquo;\u00e9tude<\/li>\n<li>Art dramatique*<\/li>\n<li>Math\u00e9matiques*<\/li>\n<li>Les sciences*<\/li>\n<li>Sciences sociales*<\/li>\n<li>Informatique*<\/li>\n<li>Anthropologie de l&rsquo;\u00e9ducation II Pr\u00e9paration \u00e0 la vie canadienne<\/li>\n<li>Apprentissage ind\u00e9pendant \/ P\u00e9riode d&rsquo;\u00e9tudes<\/li>\n<li>Sant\u00e9 &amp; activit\u00e9 physique*<\/li>\n<li>Art visuel*<\/li>\n<\/ul>\n<p><strong>\u00c9DUCATION EXP\u00c9RIENTIELLE<\/strong><\/p>\n<ul>\n<li>Tyrolienne et escalade ext\u00e9rieure<\/li>\n<li>Cyclo-tourisme<\/li>\n<li>Rafting en eaux vives<\/li>\n<\/ul>\n<p>[\/vc_column_text]\t<\/div>\n<\/div><\/div>[\/vc_column][vc_column width=\u00a0\u00bb1\/2&Prime;]<div class=\"edgt-section-title-holder  edgt-st-standard edgt-st-title-left edgt-st-normal-space \" style=\"text-align: left\">\n\t<div class=\"edgt-st-inner\">\n\t\t\t\t\t<h3 class=\"edgt-st-title\" style=\"color: #891b2d\">\n\t\t\t\tNos activit\u00e9s et \u00e9quipes sportives\t\t\t<\/h3>\n\t\t\t\t\t<\/div>\n<\/div>[vc_empty_space height=\u00a0\u00bb20px\u00a0\u00bb]<div class=\"edgt-accordion-holder edgt-ac-default  edgt-toggle edgt-ac-boxed  clearfix\">\n\t<h6 class=\"edgt-accordion-title\">\n    <span class=\"edgt-accordion-mark\">\n\t\t<span class=\"edgt_icon_plus arrow_carrot-right\"><\/span>\n\t\t<span class=\"edgt_icon_minus arrow_carrot-down\"><\/span>\n\t<\/span>\n\t<span class=\"edgt-tab-title\">Apprentissage exp\u00e9rimentale<\/span>\n<\/h6>\n<div class=\"edgt-accordion-content\">\n\t<div class=\"edgt-accordion-content-inner\">\n\t\t[vc_column_text css=\u00a0\u00bb\u00a0\u00bb]<\/p>\n<ul>\n<li aria-level=\"1\">Canot-Camping (s\u00e9jour de 2 jours)<\/li>\n<li aria-level=\"1\">Voyage \u00e0 v\u00e9lo (voyage de 3 jours)<\/li>\n<li aria-level=\"1\">Randonn\u00e9e en tyrolienne et jeux a\u00e9riens<\/li>\n<li aria-level=\"1\">Tra\u00eeneau \u00e0 chiens<\/li>\n<li aria-level=\"1\">Ski et planche \u00e0 neige<\/li>\n<li aria-level=\"1\">Ski de fond et raquette<\/li>\n<li aria-level=\"1\">Escalade<\/li>\n<li aria-level=\"1\">Athl\u00e9tisme<\/li>\n<li aria-level=\"1\">Expo-sciences<\/li>\n<li aria-level=\"1\">Th\u00e9\u00e2tre et arts visuels<\/li>\n<li aria-level=\"1\">Art oratoire<\/li>\n<li aria-level=\"1\">Bancs de sable (excursion scolaire de 7e ann\u00e9e)<\/li>\n<li aria-level=\"1\">Rafting en eaux vives (excursion scolaire de 8e ann\u00e9e)<\/li>\n<\/ul>\n<p>[\/vc_column_text]\t<\/div>\n<\/div><h6 class=\"edgt-accordion-title\">\n    <span class=\"edgt-accordion-mark\">\n\t\t<span class=\"edgt_icon_plus arrow_carrot-right\"><\/span>\n\t\t<span class=\"edgt_icon_minus arrow_carrot-down\"><\/span>\n\t<\/span>\n\t<span class=\"edgt-tab-title\">\u00c9quipes sportives<\/span>\n<\/h6>\n<div class=\"edgt-accordion-content\">\n\t<div class=\"edgt-accordion-content-inner\">\n\t\t[vc_column_text]<\/p>\n<ul>\n<li aria-level=\"1\">Soccer<\/li>\n<li aria-level=\"1\">Basketball<\/li>\n<li aria-level=\"1\">Badminton<\/li>\n<li aria-level=\"1\">Volleyball<\/li>\n<li aria-level=\"1\">Cross-country<\/li>\n<\/ul>\n<p>[\/vc_column_text]\t<\/div>\n<\/div><\/div>[\/vc_column][\/vc_row]<\/p>\n<\/div>","protected":false},"excerpt":{"rendered":"<p>[vc_row row_content_width=\u00a0\u00bbgrid\u00a0\u00bb css=\u00a0\u00bb.vc_custom_1681916876464{padding-top: 75px !important;padding-bottom: 75px !important;}\u00a0\u00bb simple_background_color=\u00a0\u00bb#f7f7f7&Prime;][vc_column width=\u00a0\u00bb1\/2&Prime;][vc_empty_space height=\u00a0\u00bb20px\u00a0\u00bb][\/vc_column][vc_column width=\u00a0\u00bb1\/2&Prime;][vc_empty_space height=\u00a0\u00bb20px\u00a0\u00bb][\/vc_column][\/vc_row]<\/p>\n","protected":false},"author":1,"featured_media":0,"parent":0,"menu_order":0,"comment_status":"closed","ping_status":"closed","template":"full-width.php","meta":{"_EventAllDay":false,"_EventTimezone":"","_EventStartDate":"","_EventEndDate":"","_EventStartDateUTC":"","_EventEndDateUTC":"","_EventShowMap":false,"_EventShowMapLink":false,"_EventURL":"","_EventCost":"","_EventCostDescription":"","_EventCurrencySymbol":"","_EventCurrencyCode":"","_EventCurrencyPosition":"","_EventDateTimeSeparator":"","_EventTimeRangeSeparator":"","_EventOrganizerID":[],"_EventVenueID":[],"_OrganizerEmail":"","_OrganizerPhone":"","_OrganizerWebsite":"","_VenueAddress":"","_VenueCity":"","_VenueCountry":"","_VenueProvince":"","_VenueState":"","_VenueZip":"","_VenuePhone":"","_VenueURL":"","_VenueStateProvince":"","_VenueLat":"","_VenueLng":"","_VenueShowMap":false,"_VenueShowMapLink":false,"footnotes":""},"class_list":["post-4294","page","type-page","status-publish","hentry"],"_links":{"self":[{"href":"https:\/\/www.mcacademy.ca\/fr\/wp-json\/wp\/v2\/pages\/4294","targetHints":{"allow":["GET"]}}],"collection":[{"href":"https:\/\/www.mcacademy.ca\/fr\/wp-json\/wp\/v2\/pages"}],"about":[{"href":"https:\/\/www.mcacademy.ca\/fr\/wp-json\/wp\/v2\/types\/page"}],"author":[{"embeddable":true,"href":"https:\/\/www.mcacademy.ca\/fr\/wp-json\/wp\/v2\/users\/1"}],"replies":[{"embeddable":true,"href":"https:\/\/www.mcacademy.ca\/fr\/wp-json\/wp\/v2\/comments?post=4294"}],"version-history":[{"count":7,"href":"https:\/\/www.mcacademy.ca\/fr\/wp-json\/wp\/v2\/pages\/4294\/revisions"}],"predecessor-version":[{"id":5319,"href":"https:\/\/www.mcacademy.ca\/fr\/wp-json\/wp\/v2\/pages\/4294\/revisions\/5319"}],"wp:attachment":[{"href":"https:\/\/www.mcacademy.ca\/fr\/wp-json\/wp\/v2\/media?parent=4294"}],"curies":[{"name":"wp","href":"https:\/\/api.w.org\/{rel}","templated":true}]}}