{"id":4290,"date":"2017-07-12T08:04:10","date_gmt":"2017-07-12T12:04:10","guid":{"rendered":"https:\/\/www.mcacademy.ca\/the-faculty\/"},"modified":"2025-08-25T10:03:04","modified_gmt":"2025-08-25T14:03:04","slug":"corps-denseignants","status":"publish","type":"page","link":"https:\/\/www.mcacademy.ca\/fr\/corps-denseignants\/","title":{"rendered":"L&rsquo;\u00c9quipe MCA"},"content":{"rendered":"<div class=\"wpb-content-wrapper\"><p>[vc_row row_content_width=\u00a0\u00bbgrid\u00a0\u00bb css=\u00a0\u00bb.vc_custom_1681916876464{padding-top: 75px !important;padding-bottom: 75px !important;}\u00a0\u00bb simple_background_color=\u00a0\u00bb#f7f7f7&Prime;][vc_column]<div class=\"edgt-section-title-holder  edgt-st-standard edgt-st-title-left edgt-st-normal-space \" style=\"text-align: left\">\n\t<div class=\"edgt-st-inner\">\n\t\t\t\t\t<h3 class=\"edgt-st-title\" style=\"color: #891b2d\">\n\t\t\t\tNous enseignons aux \u00e9l\u00e8ves comment apprendre avant qu\u2019ils fr\u00e9quentent l\u2019\u00e9cole secondaire.\t\t\t<\/h3>\n\t\t\t\t\t\t\t<p class=\"edgt-st-text\" style=\"color: #888\">\n\t\t\t\t\u00c0 l\u2019Acad\u00e9mie Macdonald-Cartier, nous enseignons aux \u00e9l\u00e8ves de 7e et 8e ann\u00e9es les techniques d\u2019apprentissage de base essentielles \u00e0 ceux qui veulent exceller au secondaire et \u00e0 l\u2019universit\u00e9. L'une des \u00e9coles priv\u00e9es les mieux cot\u00e9es \u00e0 Ottawa, l\u2019Acad\u00e9mie Macdonald-Cartier offre un programme complet en fran\u00e7ais combinant des \u00e9tudes acad\u00e9miques acc\u00e9l\u00e9r\u00e9es avec un programme sportif et un apprentissage exp\u00e9rientiel amusant. Le nombre d'inscriptions est limit\u00e9 \u00e0 68 \u00e9tudiants par an, ce qui r\u00e9duit la taille des classes afin de cr\u00e9er un environnement \u00e9ducatif individualis\u00e9.\t\t\t<\/p>\n\t\t\t<\/div>\n<\/div>[\/vc_column][\/vc_row][vc_row row_content_width=\u00a0\u00bbgrid\u00a0\u00bb css=\u00a0\u00bb.vc_custom_1681917137866{padding-top: 75px !important;padding-bottom: 75px !important;}\u00a0\u00bb][vc_column]<div class=\"edgt-section-title-holder  edgt-st-standard edgt-st-title-left edgt-st-normal-space \" style=\"text-align: left\">\n\t<div class=\"edgt-st-inner\">\n\t\t\t\t\t<h3 class=\"edgt-st-title\" style=\"color: #891b2d\">\n\t\t\t\tNotre \u00c9quipe\t\t\t<\/h3>\n\t\t\t\t\t<\/div>\n<\/div>[vc_row_inner][vc_column_inner width=\u00a0\u00bb1\/2&Prime;]<div class=\"edgt-team main-info-below-image dark\">\n\t<div class=\"edgt-team-inner\">\n\t\t\n\t\t\t\t\t<div class=\"edgt-team-info\">\n\t\t\t\t\t\t\t\t\t<div class=\"edgt-team-title-holder normal_social\">\n\t\t\t\t\t\t\t\t\t\t\t\t\t<h4 class=\"edgt-team-name\">\n\t\t\t\t\t\t\t\tFONDATEUR ET PDG (DEPUIS 1990)\t\t\t\t\t\t\t<\/h4>\n\t\t\t\t\t\t\t\t\t\t\t\t\t\t\t\t\t\t\t<p class=\"edgt-team-position\">M. J. Mantha<\/p>\n\t\t\t\t\t\t\t\t\t\t\t<\/div>\n\t\t\t\t\n\t\t\t\t\t\t\t\t\t<div class='edgt-team-text'>\n\t\t\t\t\t\t<div class='edgt-team-text-inner'>\n\t\t\t\t\t\t\t<div class='edgt-team-description'>\n\t\t\t\t\t\t\t\t<p>B.E.P., Universit\u00e9 d\u2019Ottawa | Dip. Ed., Universit\u00e9 du Qu\u00e9bec<\/p>\n\t\t\t\t\t\t\t<\/div>\n\t\t\t\t\t\t<\/div>\n\t\t\t\t\t<\/div>\n\t\t\t\t\n\t\t<div class=\"edgt-team-social-holder-between\">\n\t\t\t<div class=\"edgt-team-social normal_social\">\n\t\t\t\t<div class=\"edgt-team-social-inner\">\n\t\t\t\t\t<div class=\"edgt-team-social-wrapp\">\n\n\t\t\t\t\t\t\n\t\t\t\t\t<\/div>\n\t\t\t\t<\/div>\n\t\t\t<\/div>\n\t\t<\/div>\n\n\t\t<\/div>\n\t<\/div>\n<\/div>[vc_empty_space height=\u00a0\u00bb20px\u00a0\u00bb]<div class=\"edgt-team main-info-below-image dark\">\n\t<div class=\"edgt-team-inner\">\n\t\t\n\t\t\t\t\t<div class=\"edgt-team-info\">\n\t\t\t\t\t\t\t\t\t<div class=\"edgt-team-title-holder normal_social\">\n\t\t\t\t\t\t\t\t\t\t\t\t\t<h4 class=\"edgt-team-name\">\n\t\t\t\t\t\t\t\tMATH\u00c9MATIQUES ET EDUCATIONAL ANTHROPOLOGY\t\t\t\t\t\t\t<\/h4>\n\t\t\t\t\t\t\t\t\t\t\t\t\t\t\t\t\t\t\t<p class=\"edgt-team-position\">M. M. Grenier - DGM &amp; Enseignant (Exp\u00e9rience en enseignement: 8 ann\u00e9es)<\/p>\n\t\t\t\t\t\t\t\t\t\t\t<\/div>\n\t\t\t\t\n\t\t\t\t\t\t\t\t\t<div class='edgt-team-text'>\n\t\t\t\t\t\t<div class='edgt-team-text-inner'>\n\t\t\t\t\t\t\t<div class='edgt-team-description'>\n\t\t\t\t\t\t\t\t<p>B.E.P., Universit\u00e9 d\u2019Ottawa | B.Ed., Universit\u00e9 d\u2019Ottawa<\/p>\n\t\t\t\t\t\t\t<\/div>\n\t\t\t\t\t\t<\/div>\n\t\t\t\t\t<\/div>\n\t\t\t\t\n\t\t<div class=\"edgt-team-social-holder-between\">\n\t\t\t<div class=\"edgt-team-social normal_social\">\n\t\t\t\t<div class=\"edgt-team-social-inner\">\n\t\t\t\t\t<div class=\"edgt-team-social-wrapp\">\n\n\t\t\t\t\t\t\n\t\t\t\t\t<\/div>\n\t\t\t\t<\/div>\n\t\t\t<\/div>\n\t\t<\/div>\n\n\t\t<\/div>\n\t<\/div>\n<\/div>[vc_empty_space height=\u00a0\u00bb20px\u00a0\u00bb]<div class=\"edgt-team main-info-below-image dark\">\n\t<div class=\"edgt-team-inner\">\n\t\t\n\t\t\t\t\t<div class=\"edgt-team-info\">\n\t\t\t\t\t\t\t\t\t<div class=\"edgt-team-title-holder normal_social\">\n\t\t\t\t\t\t\t\t\t\t\t\t\t<h4 class=\"edgt-team-name\">\n\t\t\t\t\t\t\t\tSCIENCES ET \u00c9DUCATION PHYSIQUE\t\t\t\t\t\t\t<\/h4>\n\t\t\t\t\t\t\t\t\t\t\t\t\t\t\t\t\t\t\t<p class=\"edgt-team-position\">Mme G. Mantha - Enseignante (Exp\u00e9rience en enseignement: 11 ann\u00e9es)<\/p>\n\t\t\t\t\t\t\t\t\t\t\t<\/div>\n\t\t\t\t\n\t\t\t\t\t\t\t\t\t<div class='edgt-team-text'>\n\t\t\t\t\t\t<div class='edgt-team-text-inner'>\n\t\t\t\t\t\t\t<div class='edgt-team-description'>\n\t\t\t\t\t\t\t\t<p>B.E.P., Universit\u00e9 d\u2019Ottawa | B.Ed., Universit\u00e9 d\u2019Ottawa<\/p>\n\t\t\t\t\t\t\t<\/div>\n\t\t\t\t\t\t<\/div>\n\t\t\t\t\t<\/div>\n\t\t\t\t\n\t\t<div class=\"edgt-team-social-holder-between\">\n\t\t\t<div class=\"edgt-team-social normal_social\">\n\t\t\t\t<div class=\"edgt-team-social-inner\">\n\t\t\t\t\t<div class=\"edgt-team-social-wrapp\">\n\n\t\t\t\t\t\t\n\t\t\t\t\t<\/div>\n\t\t\t\t<\/div>\n\t\t\t<\/div>\n\t\t<\/div>\n\n\t\t<\/div>\n\t<\/div>\n<\/div>[vc_empty_space height=\u00a0\u00bb20px\u00a0\u00bb]<div class=\"edgt-team main-info-below-image dark\">\n\t<div class=\"edgt-team-inner\">\n\t\t\n\t\t\t\t\t<div class=\"edgt-team-info\">\n\t\t\t\t\t\t\t\t\t<div class=\"edgt-team-title-holder normal_social\">\n\t\t\t\t\t\t\t\t\t\t\t\t\t<h4 class=\"edgt-team-name\">\n\t\t\t\t\t\t\t\t\u00c9DUCATION PHYSIQUE, MATH\u00c9MATIQUES &amp; INFORMATIQUE\t\t\t\t\t\t\t<\/h4>\n\t\t\t\t\t\t\t\t\t\t\t\t\t\t\t\t\t\t\t<p class=\"edgt-team-position\">M. J-R. Mantha - Enseignant (Exp\u00e9rience en enseignement: 3 ann\u00e9es)<\/p>\n\t\t\t\t\t\t\t\t\t\t\t<\/div>\n\t\t\t\t\n\t\t\t\t\t\t\t\t\t<div class='edgt-team-text'>\n\t\t\t\t\t\t<div class='edgt-team-text-inner'>\n\t\t\t\t\t\t\t<div class='edgt-team-description'>\n\t\t\t\t\t\t\t\t<p>B.E.P., Universit\u00e9 d\u2019Ottawa | B.Ed., Universit\u00e9 d&#039;Ottawa<\/p>\n\t\t\t\t\t\t\t<\/div>\n\t\t\t\t\t\t<\/div>\n\t\t\t\t\t<\/div>\n\t\t\t\t\n\t\t<div class=\"edgt-team-social-holder-between\">\n\t\t\t<div class=\"edgt-team-social normal_social\">\n\t\t\t\t<div class=\"edgt-team-social-inner\">\n\t\t\t\t\t<div class=\"edgt-team-social-wrapp\">\n\n\t\t\t\t\t\t\n\t\t\t\t\t<\/div>\n\t\t\t\t<\/div>\n\t\t\t<\/div>\n\t\t<\/div>\n\n\t\t<\/div>\n\t<\/div>\n<\/div>[\/vc_column_inner][vc_column_inner width=\u00a0\u00bb1\/2&Prime;]<div class=\"edgt-team main-info-below-image dark\">\n\t<div class=\"edgt-team-inner\">\n\t\t\n\t\t\t\t\t<div class=\"edgt-team-info\">\n\t\t\t\t\t\t\t\t\t<div class=\"edgt-team-title-holder normal_social\">\n\t\t\t\t\t\t\t\t\t\t\t\t\t<h4 class=\"edgt-team-name\">\n\t\t\t\t\t\t\t\tSCIENCES SOCIALES\t\t\t\t\t\t\t<\/h4>\n\t\t\t\t\t\t\t\t\t\t\t\t\t\t\t\t\t\t\t<p class=\"edgt-team-position\">M. P. Labrosse - Directeur (Exp\u00e9rience en enseignement: 11 ann\u00e9es)<\/p>\n\t\t\t\t\t\t\t\t\t\t\t<\/div>\n\t\t\t\t\n\t\t\t\t\t\t\t\t\t<div class='edgt-team-text'>\n\t\t\t\t\t\t<div class='edgt-team-text-inner'>\n\t\t\t\t\t\t\t<div class='edgt-team-description'>\n\t\t\t\t\t\t\t\t<p>B.E.P., Universit\u00e9 d\u2019Ottawa | B. Ed., University of Ottawa<\/p>\n\t\t\t\t\t\t\t<\/div>\n\t\t\t\t\t\t<\/div>\n\t\t\t\t\t<\/div>\n\t\t\t\t\n\t\t<div class=\"edgt-team-social-holder-between\">\n\t\t\t<div class=\"edgt-team-social normal_social\">\n\t\t\t\t<div class=\"edgt-team-social-inner\">\n\t\t\t\t\t<div class=\"edgt-team-social-wrapp\">\n\n\t\t\t\t\t\t\n\t\t\t\t\t<\/div>\n\t\t\t\t<\/div>\n\t\t\t<\/div>\n\t\t<\/div>\n\n\t\t<\/div>\n\t<\/div>\n<\/div>[vc_empty_space height=\u00a0\u00bb20px\u00a0\u00bb]<div class=\"edgt-team main-info-below-image dark\">\n\t<div class=\"edgt-team-inner\">\n\t\t\n\t\t\t\t\t<div class=\"edgt-team-info\">\n\t\t\t\t\t\t\t\t\t<div class=\"edgt-team-title-holder normal_social\">\n\t\t\t\t\t\t\t\t\t\t\t\t\t<h4 class=\"edgt-team-name\">\n\t\t\t\t\t\t\t\tENGLISH LANGUAGE ARTS\t\t\t\t\t\t\t<\/h4>\n\t\t\t\t\t\t\t\t\t\t\t\t\t\t\t\t\t\t\t<p class=\"edgt-team-position\">Ms A.Carver - Enseignante (Exp\u00e9rience en enseignement: 28 ann\u00e9es)<\/p>\n\t\t\t\t\t\t\t\t\t\t\t<\/div>\n\t\t\t\t\n\t\t\t\t\t\t\t\t\t<div class='edgt-team-text'>\n\t\t\t\t\t\t<div class='edgt-team-text-inner'>\n\t\t\t\t\t\t\t<div class='edgt-team-description'>\n\t\t\t\t\t\t\t\t<p>B.A., Universit\u00e9 du Nebraska | M.A., University of Toronto | Dip.Ed., Universit\u00e9 de McGill<\/p>\n\t\t\t\t\t\t\t<\/div>\n\t\t\t\t\t\t<\/div>\n\t\t\t\t\t<\/div>\n\t\t\t\t\n\t\t<div class=\"edgt-team-social-holder-between\">\n\t\t\t<div class=\"edgt-team-social normal_social\">\n\t\t\t\t<div class=\"edgt-team-social-inner\">\n\t\t\t\t\t<div class=\"edgt-team-social-wrapp\">\n\n\t\t\t\t\t\t\n\t\t\t\t\t<\/div>\n\t\t\t\t<\/div>\n\t\t\t<\/div>\n\t\t<\/div>\n\n\t\t<\/div>\n\t<\/div>\n<\/div>[vc_empty_space height=\u00a0\u00bb20px\u00a0\u00bb]<div class=\"edgt-team main-info-below-image dark\">\n\t<div class=\"edgt-team-inner\">\n\t\t\n\t\t\t\t\t<div class=\"edgt-team-info\">\n\t\t\t\t\t\t\t\t\t<div class=\"edgt-team-title-holder normal_social\">\n\t\t\t\t\t\t\t\t\t\t\t\t\t<h4 class=\"edgt-team-name\">\n\t\t\t\t\t\t\t\tFRAN\u00c7AIS, ARTS VISUELS &amp; PR\u00c9PARATION \u00c0 LA VIE CANADIENNE\t\t\t\t\t\t\t<\/h4>\n\t\t\t\t\t\t\t\t\t\t\t\t\t\t\t\t\t\t\t<p class=\"edgt-team-position\">Mme \u00c9.Gaudreau - Enseignante (Exp\u00e9rience en enseignement: 9 ann\u00e9es)<\/p>\n\t\t\t\t\t\t\t\t\t\t\t<\/div>\n\t\t\t\t\n\t\t\t\t\t\t\t\t\t<div class='edgt-team-text'>\n\t\t\t\t\t\t<div class='edgt-team-text-inner'>\n\t\t\t\t\t\t\t<div class='edgt-team-description'>\n\t\t\t\t\t\t\t\t<p>B.E.P., Universit\u00e9 d\u2019Ottawa | B.Ed., Universit\u00e9 d\u2019Ottawa<\/p>\n\t\t\t\t\t\t\t<\/div>\n\t\t\t\t\t\t<\/div>\n\t\t\t\t\t<\/div>\n\t\t\t\t\n\t\t<div class=\"edgt-team-social-holder-between\">\n\t\t\t<div class=\"edgt-team-social normal_social\">\n\t\t\t\t<div class=\"edgt-team-social-inner\">\n\t\t\t\t\t<div class=\"edgt-team-social-wrapp\">\n\n\t\t\t\t\t\t\n\t\t\t\t\t<\/div>\n\t\t\t\t<\/div>\n\t\t\t<\/div>\n\t\t<\/div>\n\n\t\t<\/div>\n\t<\/div>\n<\/div>[vc_empty_space height=\u00a0\u00bb20px\u00a0\u00bb][\/vc_column_inner][\/vc_row_inner][\/vc_column][\/vc_row]<\/p>\n<\/div>","protected":false},"excerpt":{"rendered":"<p>[vc_row row_content_width=\u00a0\u00bbgrid\u00a0\u00bb css=\u00a0\u00bb.vc_custom_1681916876464{padding-top: 75px !important;padding-bottom: 75px !important;}\u00a0\u00bb simple_background_color=\u00a0\u00bb#f7f7f7&Prime;][vc_column][\/vc_column][\/vc_row][vc_row row_content_width=\u00a0\u00bbgrid\u00a0\u00bb css=\u00a0\u00bb.vc_custom_1681917137866{padding-top: 75px !important;padding-bottom: 75px !important;}\u00a0\u00bb][vc_column][vc_row_inner][vc_column_inner width=\u00a0\u00bb1\/2&Prime;][vc_empty_space height=\u00a0\u00bb20px\u00a0\u00bb][vc_empty_space height=\u00a0\u00bb20px\u00a0\u00bb][vc_empty_space height=\u00a0\u00bb20px\u00a0\u00bb][\/vc_column_inner][vc_column_inner width=\u00a0\u00bb1\/2&Prime;][vc_empty_space height=\u00a0\u00bb20px\u00a0\u00bb][vc_empty_space height=\u00a0\u00bb20px\u00a0\u00bb][vc_empty_space height=\u00a0\u00bb20px\u00a0\u00bb][\/vc_column_inner][\/vc_row_inner][\/vc_column][\/vc_row]<\/p>\n","protected":false},"author":1,"featured_media":0,"parent":0,"menu_order":0,"comment_status":"closed","ping_status":"closed","template":"full-width.php","meta":{"_EventAllDay":false,"_EventTimezone":"","_EventStartDate":"","_EventEndDate":"","_EventStartDateUTC":"","_EventEndDateUTC":"","_EventShowMap":false,"_EventShowMapLink":false,"_EventURL":"","_EventCost":"","_EventCostDescription":"","_EventCurrencySymbol":"","_EventCurrencyCode":"","_EventCurrencyPosition":"","_EventDateTimeSeparator":"","_EventTimeRangeSeparator":"","_EventOrganizerID":[],"_EventVenueID":[],"_OrganizerEmail":"","_OrganizerPhone":"","_OrganizerWebsite":"","_VenueAddress":"","_VenueCity":"","_VenueCountry":"","_VenueProvince":"","_VenueState":"","_VenueZip":"","_VenuePhone":"","_VenueURL":"","_VenueStateProvince":"","_VenueLat":"","_VenueLng":"","_VenueShowMap":false,"_VenueShowMapLink":false,"footnotes":""},"class_list":["post-4290","page","type-page","status-publish","hentry"],"_links":{"self":[{"href":"https:\/\/www.mcacademy.ca\/fr\/wp-json\/wp\/v2\/pages\/4290","targetHints":{"allow":["GET"]}}],"collection":[{"href":"https:\/\/www.mcacademy.ca\/fr\/wp-json\/wp\/v2\/pages"}],"about":[{"href":"https:\/\/www.mcacademy.ca\/fr\/wp-json\/wp\/v2\/types\/page"}],"author":[{"embeddable":true,"href":"https:\/\/www.mcacademy.ca\/fr\/wp-json\/wp\/v2\/users\/1"}],"replies":[{"embeddable":true,"href":"https:\/\/www.mcacademy.ca\/fr\/wp-json\/wp\/v2\/comments?post=4290"}],"version-history":[{"count":7,"href":"https:\/\/www.mcacademy.ca\/fr\/wp-json\/wp\/v2\/pages\/4290\/revisions"}],"predecessor-version":[{"id":5351,"href":"https:\/\/www.mcacademy.ca\/fr\/wp-json\/wp\/v2\/pages\/4290\/revisions\/5351"}],"wp:attachment":[{"href":"https:\/\/www.mcacademy.ca\/fr\/wp-json\/wp\/v2\/media?parent=4290"}],"curies":[{"name":"wp","href":"https:\/\/api.w.org\/{rel}","templated":true}]}}